{"id":14,"date":"2022-10-19T13:30:27","date_gmt":"2022-10-19T13:30:27","guid":{"rendered":"https:\/\/demo.athemes.com\/botiga-beauty-el\/?page_id=14"},"modified":"2025-11-12T14:01:55","modified_gmt":"2025-11-12T14:01:55","slug":"home","status":"publish","type":"page","link":"https:\/\/edmond2025.fr\/","title":{"rendered":"Home"},"content":{"rendered":"\t\t<div data-elementor-type=\"wp-page\" data-elementor-id=\"14\" class=\"elementor elementor-14\">\n\t\t\t\t\t\t<section class=\"elementor-section elementor-top-section elementor-element elementor-element-a53f34a elementor-section-full_width elementor-section-height-default elementor-section-height-default\" data-id=\"a53f34a\" data-element_type=\"section\" data-settings=\"{&quot;background_background&quot;:&quot;classic&quot;}\">\n\t\t\t\t\t\t\t<div class=\"elementor-background-overlay\"><\/div>\n\t\t\t\t\t\t\t<div class=\"elementor-container elementor-column-gap-default\">\n\t\t\t\t\t<div class=\"elementor-column elementor-col-100 elementor-top-column elementor-element elementor-element-56314a8\" data-id=\"56314a8\" data-element_type=\"column\">\n\t\t\t<div class=\"elementor-widget-wrap elementor-element-populated\">\n\t\t\t\t\t\t<section class=\"elementor-section elementor-inner-section elementor-element elementor-element-f0fbbd4 elementor-section-boxed elementor-section-height-default elementor-section-height-default\" data-id=\"f0fbbd4\" data-element_type=\"section\">\n\t\t\t\t\t\t<div class=\"elementor-container elementor-column-gap-default\">\n\t\t\t\t\t<div class=\"elementor-column elementor-col-50 elementor-inner-column elementor-element elementor-element-77f1ba6\" data-id=\"77f1ba6\" data-element_type=\"column\">\n\t\t\t<div class=\"elementor-widget-wrap elementor-element-populated\">\n\t\t\t\t\t\t<div class=\"elementor-element elementor-element-dbae005 elementor-invisible elementor-widget elementor-widget-heading\" data-id=\"dbae005\" data-element_type=\"widget\" data-settings=\"{&quot;_animation&quot;:&quot;fadeInUpShorter&quot;,&quot;_animation_delay&quot;:200}\" data-widget_type=\"heading.default\">\n\t\t\t\t\t<h1 class=\"elementor-heading-title elementor-size-default\">Nouveaux articles de sport<\/h1>\t\t\t\t<\/div>\n\t\t\t\t<div class=\"elementor-element elementor-element-87aedb5 elementor-invisible elementor-widget elementor-widget-button\" data-id=\"87aedb5\" data-element_type=\"widget\" data-settings=\"{&quot;_animation&quot;:&quot;fadeInUpShorter&quot;,&quot;_animation_delay&quot;:400}\" data-widget_type=\"button.default\">\n\t\t\t\t\t\t\t\t\t\t<a class=\"elementor-button elementor-button-link elementor-size-sm\" href=\"#\">\n\t\t\t\t\t\t<span class=\"elementor-button-content-wrapper\">\n\t\t\t\t\t\t\t\t\t<span class=\"elementor-button-text\">ALLER VOIR<\/span>\n\t\t\t\t\t<\/span>\n\t\t\t\t\t<\/a>\n\t\t\t\t\t\t\t\t<\/div>\n\t\t\t\t\t<\/div>\n\t\t<\/div>\n\t\t\t\t<div class=\"elementor-column elementor-col-50 elementor-inner-column elementor-element elementor-element-ffe626f\" data-id=\"ffe626f\" data-element_type=\"column\">\n\t\t\t<div class=\"elementor-widget-wrap\">\n\t\t\t\t\t\t\t<\/div>\n\t\t<\/div>\n\t\t\t\t\t<\/div>\n\t\t<\/section>\n\t\t\t\t\t<\/div>\n\t\t<\/div>\n\t\t\t\t\t<\/div>\n\t\t<\/section>\n\t\t\t\t<section class=\"elementor-section elementor-top-section elementor-element elementor-element-cc4ba2a elementor-section-boxed elementor-section-height-default elementor-section-height-default\" data-id=\"cc4ba2a\" data-element_type=\"section\">\n\t\t\t\t\t\t<div class=\"elementor-container elementor-column-gap-default\">\n\t\t\t\t\t<div class=\"elementor-column elementor-col-100 elementor-top-column elementor-element elementor-element-e654a9e\" data-id=\"e654a9e\" data-element_type=\"column\">\n\t\t\t<div class=\"elementor-widget-wrap elementor-element-populated\">\n\t\t\t\t\t\t<div class=\"elementor-element elementor-element-cfaddff elementor-invisible elementor-widget elementor-widget-heading\" data-id=\"cfaddff\" data-element_type=\"widget\" data-settings=\"{&quot;_animation&quot;:&quot;fadeInUpShorter&quot;,&quot;_animation_delay&quot;:200}\" data-widget_type=\"heading.default\">\n\t\t\t\t\t<h2 class=\"elementor-heading-title elementor-size-default\">Tendances actuelles<\/h2>\t\t\t\t<\/div>\n\t\t\t\t<div class=\"elementor-element elementor-element-befef59 elementor-invisible elementor-widget elementor-widget-text-editor\" data-id=\"befef59\" data-element_type=\"widget\" data-settings=\"{&quot;_animation&quot;:&quot;fadeInUpShorter&quot;,&quot;_animation_delay&quot;:400}\" data-widget_type=\"text-editor.default\">\n\t\t\t\t\t\t\t\t\t<p>A powerful headline about your product\u2019s features to give focus to your chosen product collection<\/p>\t\t\t\t\t\t\t\t<\/div>\n\t\t\t\t<div class=\"elementor-element elementor-element-908745f elementor-invisible elementor-widget elementor-widget-shortcode\" data-id=\"908745f\" data-element_type=\"widget\" data-settings=\"{&quot;_animation&quot;:&quot;fadeInUpShorter&quot;,&quot;_animation_delay&quot;:600}\" data-widget_type=\"shortcode.default\">\n\t\t\t\t\t\t\t<div class=\"elementor-shortcode\"><div class=\"woocommerce columns-3 product-grid\"><ul class=\"products columns-3\">\n<li class=\"product type-product post-531 status-publish first instock product_cat-uncategorized has-post-thumbnail sale taxable shipping-taxable purchasable product-type-simple has-gallery-images\">\n\t<a href=\"https:\/\/edmond2025.fr\/?product=bodywarmer-homme-interieur-sherpa\" class=\"woocommerce-LoopProduct-link woocommerce-loop-product__link\">\n\t<span class=\"onsale\">Promo<\/span>\n\t<img fetchpriority=\"high\" decoding=\"async\" width=\"420\" height=\"504\" src=\"https:\/\/edmond2025.fr\/wp-content\/uploads\/2025\/11\/4-sesame-id670-sep24-1-420x504.webp\" class=\"attachment-woocommerce_thumbnail size-woocommerce_thumbnail\" alt=\"Bodywarmer Homme int\u00e9rieur Sherpa\" srcset=\"https:\/\/edmond2025.fr\/wp-content\/uploads\/2025\/11\/4-sesame-id670-sep24-1-420x504.webp 420w, https:\/\/edmond2025.fr\/wp-content\/uploads\/2025\/11\/4-sesame-id670-sep24-1-250x300.webp 250w, https:\/\/edmond2025.fr\/wp-content\/uploads\/2025\/11\/4-sesame-id670-sep24-1-853x1024.webp 853w, https:\/\/edmond2025.fr\/wp-content\/uploads\/2025\/11\/4-sesame-id670-sep24-1-768x922.webp 768w, https:\/\/edmond2025.fr\/wp-content\/uploads\/2025\/11\/4-sesame-id670-sep24-1-920x1104.webp 920w, https:\/\/edmond2025.fr\/wp-content\/uploads\/2025\/11\/4-sesame-id670-sep24-1-575x690.webp 575w, https:\/\/edmond2025.fr\/wp-content\/uploads\/2025\/11\/4-sesame-id670-sep24-1-380x456.webp 380w, https:\/\/edmond2025.fr\/wp-content\/uploads\/2025\/11\/4-sesame-id670-sep24-1-800x960.webp 800w, https:\/\/edmond2025.fr\/wp-content\/uploads\/2025\/11\/4-sesame-id670-sep24-1-80x96.webp 80w, https:\/\/edmond2025.fr\/wp-content\/uploads\/2025\/11\/4-sesame-id670-sep24-1.webp 1050w\" sizes=\"(max-width: 420px) 100vw, 420px\" \/><h2 class=\"woocommerce-loop-product__title\">Bodywarmer Homme int\u00e9rieur Sherpa<\/h2>\n\t<span class=\"price\"><del aria-hidden=\"true\"><span class=\"woocommerce-Price-amount amount\"><bdi>31,41&nbsp;<span class=\"woocommerce-Price-currencySymbol\">&euro;<\/span><\/bdi><\/span><\/del> <span class=\"screen-reader-text\">Le prix initial \u00e9tait\u00a0: 31,41&nbsp;&euro;.<\/span><ins aria-hidden=\"true\"><span class=\"woocommerce-Price-amount amount\"><bdi>28,99&nbsp;<span class=\"woocommerce-Price-currencySymbol\">&euro;<\/span><\/bdi><\/span><\/ins><span class=\"screen-reader-text\">Le prix actuel est\u00a0: 28,99&nbsp;&euro;.<\/span><\/span>\n<\/a><a title=\"Ajouter au panier\u00a0: &ldquo;Bodywarmer Homme int\u00e9rieur Sherpa&rdquo;\" href=\"https:\/\/edmond2025.fr\/?product=bodywarmer-homme-interieur-sherpa\" aria-describedby=\"woocommerce_loop_add_to_cart_link_describedby_531\" data-quantity=\"1\" class=\"button product_type_simple add_to_cart_button\" data-product_id=\"531\" data-product_sku=\"\" aria-label=\"Ajouter au panier\u00a0: &ldquo;Bodywarmer Homme int\u00e9rieur Sherpa&rdquo;\" rel=\"nofollow\" data-success_message=\"\u00ab\u00a0Bodywarmer Homme int\u00e9rieur Sherpa\u00a0\u00bb a \u00e9t\u00e9 ajout\u00e9 \u00e0 votre panier\">Ajouter au panier<\/a>\t<span id=\"woocommerce_loop_add_to_cart_link_describedby_531\" class=\"screen-reader-text\">\n\t\t\t<\/span>\n<\/li>\n<li class=\"product type-product post-95 status-publish instock product_cat-cosmetics has-post-thumbnail taxable shipping-taxable purchasable product-type-simple has-gallery-images\">\n\t<a href=\"https:\/\/edmond2025.fr\/?product=deep-sweep-2-bha-pore-cleaning-toner-with-moringa\" class=\"woocommerce-LoopProduct-link woocommerce-loop-product__link\"><img decoding=\"async\" width=\"420\" height=\"504\" src=\"https:\/\/edmond2025.fr\/wp-content\/uploads\/2021\/07\/Glamifiedviola-420x504.jpg\" class=\"attachment-woocommerce_thumbnail size-woocommerce_thumbnail\" alt=\"Deep Sweep 2% BHA Pore Cleaning Toner\" srcset=\"https:\/\/edmond2025.fr\/wp-content\/uploads\/2021\/07\/Glamifiedviola-420x504.jpg 420w, https:\/\/edmond2025.fr\/wp-content\/uploads\/2021\/07\/Glamifiedviola-800x960.jpg 800w, https:\/\/edmond2025.fr\/wp-content\/uploads\/2021\/07\/Glamifiedviola-250x300.jpg 250w, https:\/\/edmond2025.fr\/wp-content\/uploads\/2021\/07\/Glamifiedviola-853x1024.jpg 853w, https:\/\/edmond2025.fr\/wp-content\/uploads\/2021\/07\/Glamifiedviola-768x922.jpg 768w, https:\/\/edmond2025.fr\/wp-content\/uploads\/2021\/07\/Glamifiedviola-920x1104.jpg 920w, https:\/\/edmond2025.fr\/wp-content\/uploads\/2021\/07\/Glamifiedviola-575x690.jpg 575w, https:\/\/edmond2025.fr\/wp-content\/uploads\/2021\/07\/Glamifiedviola-380x456.jpg 380w, https:\/\/edmond2025.fr\/wp-content\/uploads\/2021\/07\/Glamifiedviola.jpg 1050w\" sizes=\"(max-width: 420px) 100vw, 420px\" \/><h2 class=\"woocommerce-loop-product__title\">Deep Sweep 2% BHA Pore Cleaning Toner<\/h2>\n\t<span class=\"price\"><span class=\"woocommerce-Price-amount amount\"><bdi>21,00&nbsp;<span class=\"woocommerce-Price-currencySymbol\">&euro;<\/span><\/bdi><\/span><\/span>\n<\/a><a title=\"Ajouter au panier\u00a0: &ldquo;Deep Sweep 2% BHA Pore Cleaning Toner&rdquo;\" href=\"https:\/\/edmond2025.fr\/?product=deep-sweep-2-bha-pore-cleaning-toner-with-moringa\" aria-describedby=\"woocommerce_loop_add_to_cart_link_describedby_95\" data-quantity=\"1\" class=\"button product_type_simple add_to_cart_button\" data-product_id=\"95\" data-product_sku=\"\" aria-label=\"Ajouter au panier\u00a0: &ldquo;Deep Sweep 2% BHA Pore Cleaning Toner&rdquo;\" rel=\"nofollow\" data-success_message=\"\u00ab\u00a0Deep Sweep 2% BHA Pore Cleaning Toner\u00a0\u00bb a \u00e9t\u00e9 ajout\u00e9 \u00e0 votre panier\">Ajouter au panier<\/a>\t<span id=\"woocommerce_loop_add_to_cart_link_describedby_95\" class=\"screen-reader-text\">\n\t\t\t<\/span>\n<\/li>\n<li class=\"product type-product post-97 status-publish last instock product_cat-cosmetics has-post-thumbnail sale taxable shipping-taxable purchasable product-type-simple\">\n\t<a href=\"https:\/\/edmond2025.fr\/?product=eternal-sunset-collection-lip-and-cheek-set-with-jojoba-oil\" class=\"woocommerce-LoopProduct-link woocommerce-loop-product__link\">\n\t<span class=\"onsale\">Promo<\/span>\n\t<img decoding=\"async\" width=\"420\" height=\"504\" src=\"https:\/\/edmond2025.fr\/wp-content\/uploads\/2021\/07\/Glamifiedpeach-420x504.jpg\" class=\"attachment-woocommerce_thumbnail size-woocommerce_thumbnail\" alt=\"Eternal Sunset Collection Lip and Cheek\" srcset=\"https:\/\/edmond2025.fr\/wp-content\/uploads\/2021\/07\/Glamifiedpeach-420x504.jpg 420w, https:\/\/edmond2025.fr\/wp-content\/uploads\/2021\/07\/Glamifiedpeach-800x960.jpg 800w, https:\/\/edmond2025.fr\/wp-content\/uploads\/2021\/07\/Glamifiedpeach-250x300.jpg 250w, https:\/\/edmond2025.fr\/wp-content\/uploads\/2021\/07\/Glamifiedpeach-853x1024.jpg 853w, https:\/\/edmond2025.fr\/wp-content\/uploads\/2021\/07\/Glamifiedpeach-768x922.jpg 768w, https:\/\/edmond2025.fr\/wp-content\/uploads\/2021\/07\/Glamifiedpeach-920x1104.jpg 920w, https:\/\/edmond2025.fr\/wp-content\/uploads\/2021\/07\/Glamifiedpeach-575x690.jpg 575w, https:\/\/edmond2025.fr\/wp-content\/uploads\/2021\/07\/Glamifiedpeach-380x456.jpg 380w, https:\/\/edmond2025.fr\/wp-content\/uploads\/2021\/07\/Glamifiedpeach.jpg 1050w\" sizes=\"(max-width: 420px) 100vw, 420px\" \/><h2 class=\"woocommerce-loop-product__title\">Eternal Sunset Collection Lip and Cheek<\/h2>\n\t<span class=\"price\"><del aria-hidden=\"true\"><span class=\"woocommerce-Price-amount amount\"><bdi>16,00&nbsp;<span class=\"woocommerce-Price-currencySymbol\">&euro;<\/span><\/bdi><\/span><\/del> <span class=\"screen-reader-text\">Le prix initial \u00e9tait\u00a0: 16,00&nbsp;&euro;.<\/span><ins aria-hidden=\"true\"><span class=\"woocommerce-Price-amount amount\"><bdi>12,00&nbsp;<span class=\"woocommerce-Price-currencySymbol\">&euro;<\/span><\/bdi><\/span><\/ins><span class=\"screen-reader-text\">Le prix actuel est\u00a0: 12,00&nbsp;&euro;.<\/span><\/span>\n<\/a><a title=\"Ajouter au panier\u00a0: &ldquo;Eternal Sunset Collection Lip and Cheek&rdquo;\" href=\"https:\/\/edmond2025.fr\/?product=eternal-sunset-collection-lip-and-cheek-set-with-jojoba-oil\" aria-describedby=\"woocommerce_loop_add_to_cart_link_describedby_97\" data-quantity=\"1\" class=\"button product_type_simple add_to_cart_button\" data-product_id=\"97\" data-product_sku=\"\" aria-label=\"Ajouter au panier\u00a0: &ldquo;Eternal Sunset Collection Lip and Cheek&rdquo;\" rel=\"nofollow\" data-success_message=\"\u00ab\u00a0Eternal Sunset Collection Lip and Cheek\u00a0\u00bb a \u00e9t\u00e9 ajout\u00e9 \u00e0 votre panier\">Ajouter au panier<\/a>\t<span id=\"woocommerce_loop_add_to_cart_link_describedby_97\" class=\"screen-reader-text\">\n\t\t\t<\/span>\n<\/li>\n<\/ul>\n<\/div><\/div>\n\t\t\t\t\t\t<\/div>\n\t\t\t\t\t<\/div>\n\t\t<\/div>\n\t\t\t\t\t<\/div>\n\t\t<\/section>\n\t\t\t\t<section class=\"elementor-section elementor-top-section elementor-element elementor-element-5291af9 elementor-section-full_width elementor-section-height-default elementor-section-height-default\" data-id=\"5291af9\" data-element_type=\"section\" data-settings=\"{&quot;background_background&quot;:&quot;classic&quot;}\">\n\t\t\t\t\t\t<div class=\"elementor-container elementor-column-gap-default\">\n\t\t\t\t\t<div class=\"elementor-column elementor-col-100 elementor-top-column elementor-element elementor-element-0eb56ce\" data-id=\"0eb56ce\" data-element_type=\"column\">\n\t\t\t<div class=\"elementor-widget-wrap elementor-element-populated\">\n\t\t\t\t\t\t<section class=\"elementor-section elementor-inner-section elementor-element elementor-element-9b2fd73 elementor-section-boxed elementor-section-height-default elementor-section-height-default\" data-id=\"9b2fd73\" data-element_type=\"section\">\n\t\t\t\t\t\t<div class=\"elementor-container elementor-column-gap-default\">\n\t\t\t\t\t<div class=\"elementor-column elementor-col-100 elementor-inner-column elementor-element elementor-element-8a88a77\" data-id=\"8a88a77\" data-element_type=\"column\">\n\t\t\t<div class=\"elementor-widget-wrap elementor-element-populated\">\n\t\t\t\t\t\t<div class=\"elementor-element elementor-element-c8a29d4 elementor-invisible elementor-widget elementor-widget-heading\" data-id=\"c8a29d4\" data-element_type=\"widget\" data-settings=\"{&quot;_animation&quot;:&quot;fadeInUpShorter&quot;,&quot;_animation_delay&quot;:200}\" data-widget_type=\"heading.default\">\n\t\t\t\t\t<h2 class=\"elementor-heading-title elementor-size-default\">Highlighted Section<\/h2>\t\t\t\t<\/div>\n\t\t\t\t<div class=\"elementor-element elementor-element-d80abce elementor-invisible elementor-widget elementor-widget-text-editor\" data-id=\"d80abce\" data-element_type=\"widget\" data-settings=\"{&quot;_animation&quot;:&quot;fadeInUpShorter&quot;,&quot;_animation_delay&quot;:400}\" data-widget_type=\"text-editor.default\">\n\t\t\t\t\t\t\t\t\t<p><span style=\"color: #212121; font-family: Inter, sans-serif;\">What differentiates you from the competition? Use this section to talk about it. Don\u2019t forget to talk about the benefits.<\/span><\/p>\t\t\t\t\t\t\t\t<\/div>\n\t\t\t\t<div class=\"elementor-element elementor-element-39ef610 elementor-align-center elementor-invisible elementor-widget elementor-widget-button\" data-id=\"39ef610\" data-element_type=\"widget\" data-settings=\"{&quot;_animation&quot;:&quot;fadeInUpShorter&quot;,&quot;_animation_delay&quot;:600}\" data-widget_type=\"button.default\">\n\t\t\t\t\t\t\t\t\t\t<a class=\"elementor-button elementor-button-link elementor-size-sm\" href=\"https:\/\/demo.athemes.com\/botiga-beauty-el\/shop\/\">\n\t\t\t\t\t\t<span class=\"elementor-button-content-wrapper\">\n\t\t\t\t\t\t\t\t\t<span class=\"elementor-button-text\">SHOP NOW<\/span>\n\t\t\t\t\t<\/span>\n\t\t\t\t\t<\/a>\n\t\t\t\t\t\t\t\t<\/div>\n\t\t\t\t\t<\/div>\n\t\t<\/div>\n\t\t\t\t\t<\/div>\n\t\t<\/section>\n\t\t\t\t\t<\/div>\n\t\t<\/div>\n\t\t\t\t\t<\/div>\n\t\t<\/section>\n\t\t\t\t<section class=\"elementor-section elementor-top-section elementor-element elementor-element-398a725 elementor-section-boxed elementor-section-height-default elementor-section-height-default\" data-id=\"398a725\" data-element_type=\"section\">\n\t\t\t\t\t\t<div class=\"elementor-container elementor-column-gap-default\">\n\t\t\t\t\t<div class=\"elementor-column elementor-col-100 elementor-top-column elementor-element elementor-element-433c458\" data-id=\"433c458\" data-element_type=\"column\">\n\t\t\t<div class=\"elementor-widget-wrap elementor-element-populated\">\n\t\t\t\t\t\t<div class=\"elementor-element elementor-element-52f8025 elementor-invisible elementor-widget elementor-widget-heading\" data-id=\"52f8025\" data-element_type=\"widget\" data-settings=\"{&quot;_animation&quot;:&quot;fadeInUpShorter&quot;,&quot;_animation_delay&quot;:200}\" data-widget_type=\"heading.default\">\n\t\t\t\t\t<h2 class=\"elementor-heading-title elementor-size-default\">Featured Categories<\/h2>\t\t\t\t<\/div>\n\t\t\t\t<div class=\"elementor-element elementor-element-dc93279 elementor-invisible elementor-widget elementor-widget-text-editor\" data-id=\"dc93279\" data-element_type=\"widget\" data-settings=\"{&quot;_animation&quot;:&quot;fadeInUpShorter&quot;,&quot;_animation_delay&quot;:400}\" data-widget_type=\"text-editor.default\">\n\t\t\t\t\t\t\t\t\t<p><span style=\"color: #212121; font-family: Inter, sans-serif;\">Give your customers insight into your product collection. Select imagery and name that relates to the product category.<\/span><\/p>\t\t\t\t\t\t\t\t<\/div>\n\t\t\t\t<section class=\"elementor-section elementor-inner-section elementor-element elementor-element-a19ffd5 elementor-section-boxed elementor-section-height-default elementor-section-height-default elementor-invisible\" data-id=\"a19ffd5\" data-element_type=\"section\" data-settings=\"{&quot;animation&quot;:&quot;fadeInUpShorter&quot;,&quot;animation_delay&quot;:600}\">\n\t\t\t\t\t\t<div class=\"elementor-container elementor-column-gap-default\">\n\t\t\t\t\t<div class=\"elementor-column elementor-col-25 elementor-inner-column elementor-element elementor-element-9b22770\" data-id=\"9b22770\" data-element_type=\"column\">\n\t\t\t<div class=\"elementor-widget-wrap elementor-element-populated\">\n\t\t\t\t\t\t<div class=\"elementor-element elementor-element-3fcfc89 elementor-widget elementor-widget-image\" data-id=\"3fcfc89\" data-element_type=\"widget\" data-widget_type=\"image.default\">\n\t\t\t\t\t\t\t\t\t\t\t\t<figure class=\"wp-caption\">\n\t\t\t\t\t\t\t\t\t\t\t<a href=\"https:\/\/demo.athemes.com\/botiga-beauty-el\/product-category\/cosmetics\/\">\n\t\t\t\t\t\t\t<img loading=\"lazy\" decoding=\"async\" width=\"510\" height=\"490\" src=\"https:\/\/edmond2025.fr\/wp-content\/uploads\/2021\/07\/Rectangle-581-1.jpg\" class=\"attachment-large size-large wp-image-325\" alt=\"\" srcset=\"https:\/\/edmond2025.fr\/wp-content\/uploads\/2021\/07\/Rectangle-581-1.jpg 510w, https:\/\/edmond2025.fr\/wp-content\/uploads\/2021\/07\/Rectangle-581-1-420x404.jpg 420w, https:\/\/edmond2025.fr\/wp-content\/uploads\/2021\/07\/Rectangle-581-1-300x288.jpg 300w, https:\/\/edmond2025.fr\/wp-content\/uploads\/2021\/07\/Rectangle-581-1-380x365.jpg 380w\" sizes=\"(max-width: 510px) 100vw, 510px\" \/>\t\t\t\t\t\t\t\t<\/a>\n\t\t\t\t\t\t\t\t\t\t\t<figcaption class=\"widget-image-caption wp-caption-text\">Makeup<\/figcaption>\n\t\t\t\t\t\t\t\t\t\t<\/figure>\n\t\t\t\t\t\t\t\t\t<\/div>\n\t\t\t\t\t<\/div>\n\t\t<\/div>\n\t\t\t\t<div class=\"elementor-column elementor-col-25 elementor-inner-column elementor-element elementor-element-2570323\" data-id=\"2570323\" data-element_type=\"column\">\n\t\t\t<div class=\"elementor-widget-wrap elementor-element-populated\">\n\t\t\t\t\t\t<div class=\"elementor-element elementor-element-bd8f9cc elementor-widget elementor-widget-image\" data-id=\"bd8f9cc\" data-element_type=\"widget\" data-widget_type=\"image.default\">\n\t\t\t\t\t\t\t\t\t\t\t\t<figure class=\"wp-caption\">\n\t\t\t\t\t\t\t\t\t\t\t<a href=\"https:\/\/demo.athemes.com\/botiga-beauty-el\/product-category\/cosmetics\/\">\n\t\t\t\t\t\t\t<img loading=\"lazy\" decoding=\"async\" width=\"510\" height=\"490\" src=\"https:\/\/edmond2025.fr\/wp-content\/uploads\/2021\/07\/Rectangle-582-1.jpg\" class=\"attachment-large size-large wp-image-323\" alt=\"\" srcset=\"https:\/\/edmond2025.fr\/wp-content\/uploads\/2021\/07\/Rectangle-582-1.jpg 510w, https:\/\/edmond2025.fr\/wp-content\/uploads\/2021\/07\/Rectangle-582-1-420x404.jpg 420w, https:\/\/edmond2025.fr\/wp-content\/uploads\/2021\/07\/Rectangle-582-1-300x288.jpg 300w, https:\/\/edmond2025.fr\/wp-content\/uploads\/2021\/07\/Rectangle-582-1-380x365.jpg 380w\" sizes=\"(max-width: 510px) 100vw, 510px\" \/>\t\t\t\t\t\t\t\t<\/a>\n\t\t\t\t\t\t\t\t\t\t\t<figcaption class=\"widget-image-caption wp-caption-text\">Lipstick<\/figcaption>\n\t\t\t\t\t\t\t\t\t\t<\/figure>\n\t\t\t\t\t\t\t\t\t<\/div>\n\t\t\t\t\t<\/div>\n\t\t<\/div>\n\t\t\t\t<div class=\"elementor-column elementor-col-25 elementor-inner-column elementor-element elementor-element-1b2f266\" data-id=\"1b2f266\" data-element_type=\"column\">\n\t\t\t<div class=\"elementor-widget-wrap elementor-element-populated\">\n\t\t\t\t\t\t<div class=\"elementor-element elementor-element-ae7a6ae elementor-widget elementor-widget-image\" data-id=\"ae7a6ae\" data-element_type=\"widget\" data-widget_type=\"image.default\">\n\t\t\t\t\t\t\t\t\t\t\t\t<figure class=\"wp-caption\">\n\t\t\t\t\t\t\t\t\t\t\t<a href=\"https:\/\/demo.athemes.com\/botiga-beauty-el\/product-category\/cosmetics\/\">\n\t\t\t\t\t\t\t<img loading=\"lazy\" decoding=\"async\" width=\"510\" height=\"490\" src=\"https:\/\/edmond2025.fr\/wp-content\/uploads\/2021\/07\/Rectangle-583-1.jpg\" class=\"attachment-large size-large wp-image-326\" alt=\"\" srcset=\"https:\/\/edmond2025.fr\/wp-content\/uploads\/2021\/07\/Rectangle-583-1.jpg 510w, https:\/\/edmond2025.fr\/wp-content\/uploads\/2021\/07\/Rectangle-583-1-420x404.jpg 420w, https:\/\/edmond2025.fr\/wp-content\/uploads\/2021\/07\/Rectangle-583-1-300x288.jpg 300w, https:\/\/edmond2025.fr\/wp-content\/uploads\/2021\/07\/Rectangle-583-1-380x365.jpg 380w\" sizes=\"(max-width: 510px) 100vw, 510px\" \/>\t\t\t\t\t\t\t\t<\/a>\n\t\t\t\t\t\t\t\t\t\t\t<figcaption class=\"widget-image-caption wp-caption-text\">Bath Products<\/figcaption>\n\t\t\t\t\t\t\t\t\t\t<\/figure>\n\t\t\t\t\t\t\t\t\t<\/div>\n\t\t\t\t\t<\/div>\n\t\t<\/div>\n\t\t\t\t<div class=\"elementor-column elementor-col-25 elementor-inner-column elementor-element elementor-element-b4c83e4\" data-id=\"b4c83e4\" data-element_type=\"column\">\n\t\t\t<div class=\"elementor-widget-wrap elementor-element-populated\">\n\t\t\t\t\t\t<div class=\"elementor-element elementor-element-7404df9 elementor-widget elementor-widget-image\" data-id=\"7404df9\" data-element_type=\"widget\" data-widget_type=\"image.default\">\n\t\t\t\t\t\t\t\t\t\t\t\t<figure class=\"wp-caption\">\n\t\t\t\t\t\t\t\t\t\t\t<a href=\"https:\/\/demo.athemes.com\/botiga-beauty-el\/product-category\/cosmetics\/\">\n\t\t\t\t\t\t\t<img loading=\"lazy\" decoding=\"async\" width=\"510\" height=\"490\" src=\"https:\/\/edmond2025.fr\/wp-content\/uploads\/2021\/07\/Rectangle-584-1.jpg\" class=\"attachment-large size-large wp-image-327\" alt=\"\" srcset=\"https:\/\/edmond2025.fr\/wp-content\/uploads\/2021\/07\/Rectangle-584-1.jpg 510w, https:\/\/edmond2025.fr\/wp-content\/uploads\/2021\/07\/Rectangle-584-1-420x404.jpg 420w, https:\/\/edmond2025.fr\/wp-content\/uploads\/2021\/07\/Rectangle-584-1-300x288.jpg 300w, https:\/\/edmond2025.fr\/wp-content\/uploads\/2021\/07\/Rectangle-584-1-380x365.jpg 380w\" sizes=\"(max-width: 510px) 100vw, 510px\" \/>\t\t\t\t\t\t\t\t<\/a>\n\t\t\t\t\t\t\t\t\t\t\t<figcaption class=\"widget-image-caption wp-caption-text\">Treatments<\/figcaption>\n\t\t\t\t\t\t\t\t\t\t<\/figure>\n\t\t\t\t\t\t\t\t\t<\/div>\n\t\t\t\t\t<\/div>\n\t\t<\/div>\n\t\t\t\t\t<\/div>\n\t\t<\/section>\n\t\t\t\t\t<\/div>\n\t\t<\/div>\n\t\t\t\t\t<\/div>\n\t\t<\/section>\n\t\t\t\t<\/div>\n\t\t","protected":false},"excerpt":{"rendered":"<p>Nouveaux articles de sport ALLER VOIR Tendances actuelles A powerful headline about your product\u2019s features to give focus to your chosen product collection Highlighted Section What differentiates you from the [&hellip;]<\/p>\n","protected":false},"author":2,"featured_media":0,"parent":0,"menu_order":0,"comment_status":"closed","ping_status":"closed","template":"elementor_header_footer","meta":{"footnotes":""},"class_list":["post-14","page","type-page","status-publish","hentry"],"jetpack_sharing_enabled":true,"_links":{"self":[{"href":"https:\/\/edmond2025.fr\/index.php?rest_route=\/wp\/v2\/pages\/14","targetHints":{"allow":["GET"]}}],"collection":[{"href":"https:\/\/edmond2025.fr\/index.php?rest_route=\/wp\/v2\/pages"}],"about":[{"href":"https:\/\/edmond2025.fr\/index.php?rest_route=\/wp\/v2\/types\/page"}],"author":[{"embeddable":true,"href":"https:\/\/edmond2025.fr\/index.php?rest_route=\/wp\/v2\/users\/2"}],"replies":[{"embeddable":true,"href":"https:\/\/edmond2025.fr\/index.php?rest_route=%2Fwp%2Fv2%2Fcomments&post=14"}],"version-history":[{"count":9,"href":"https:\/\/edmond2025.fr\/index.php?rest_route=\/wp\/v2\/pages\/14\/revisions"}],"predecessor-version":[{"id":466,"href":"https:\/\/edmond2025.fr\/index.php?rest_route=\/wp\/v2\/pages\/14\/revisions\/466"}],"wp:attachment":[{"href":"https:\/\/edmond2025.fr\/index.php?rest_route=%2Fwp%2Fv2%2Fmedia&parent=14"}],"curies":[{"name":"wp","href":"https:\/\/api.w.org\/{rel}","templated":true}]}}